{"id":88,"date":"2024-02-05T11:07:50","date_gmt":"2024-02-05T11:07:50","guid":{"rendered":"https:\/\/summermusicacademy.ch\/?page_id=88"},"modified":"2024-08-02T09:06:46","modified_gmt":"2024-08-02T09:06:46","slug":"foerderung","status":"publish","type":"page","link":"https:\/\/summermusicacademybern.ch\/en\/foerderung\/","title":{"rendered":"Sponsors"},"content":{"rendered":"<div data-elementor-type=\"wp-page\" data-elementor-id=\"88\" class=\"elementor elementor-88\" data-elementor-post-type=\"page\">\n\t\t\t\t<div class=\"elementor-element elementor-element-1e94070 e-flex e-con-boxed e-con e-parent\" data-id=\"1e94070\" data-element_type=\"container\" data-e-type=\"container\">\n\t\t\t\t\t<div class=\"e-con-inner\">\n\t\t\t\t<div class=\"elementor-element elementor-element-79289ee e-n-tabs-none elementor-widget elementor-widget-n-tabs\" data-id=\"79289ee\" data-element_type=\"widget\" data-e-type=\"widget\" data-settings=\"{&quot;tabs_justify_horizontal&quot;:&quot;start&quot;,&quot;horizontal_scroll&quot;:&quot;disable&quot;}\" data-widget_type=\"nested-tabs.default\">\n\t\t\t\t<div class=\"elementor-widget-container\">\n\t\t\t\t\t\t\t<div class=\"e-n-tabs\" data-widget-number=\"127044078\" aria-label=\"Tabs. Open items with Enter or Space, close with Escape and navigate using the Arrow keys.\">\n\t\t\t<div class=\"e-n-tabs-heading\" role=\"tablist\">\n\t\t\t\t\t<button id=\"e-n-tab-title-1270440781\" data-tab-title-id=\"e-n-tab-title-1270440781\" class=\"e-n-tab-title\" aria-selected=\"true\" data-tab-index=\"1\" role=\"tab\" tabindex=\"0\" aria-controls=\"e-n-tab-content-1270440781\" style=\"--n-tabs-title-order: 1;\">\n\t\t\t\t\t\t<span class=\"e-n-tab-title-text\">\n\t\t\t\tSponsors\t\t\t<\/span>\n\t\t<\/button>\n\t\t\t\t<button id=\"e-n-tab-title-1270440782\" data-tab-title-id=\"e-n-tab-title-1270440782\" class=\"e-n-tab-title\" aria-selected=\"false\" data-tab-index=\"2\" role=\"tab\" tabindex=\"-1\" aria-controls=\"e-n-tab-content-1270440782\" style=\"--n-tabs-title-order: 2;\">\n\t\t\t\t\t\t<span class=\"e-n-tab-title-text\">\n\t\t\t\tBenefactors\t\t\t<\/span>\n\t\t<\/button>\n\t\t\t\t\t<\/div>\n\t\t\t<div class=\"e-n-tabs-content\">\n\t\t\t\t<div id=\"e-n-tab-content-1270440781\" role=\"tabpanel\" aria-labelledby=\"e-n-tab-title-1270440781\" data-tab-index=\"1\" style=\"--n-tabs-title-order: 1;\" class=\"e-active elementor-element elementor-element-8c3a4c5 e-con-full e-flex e-con e-child\" data-id=\"8c3a4c5\" data-element_type=\"container\" data-e-type=\"container\">\n\t\t\t\t<div class=\"elementor-element elementor-element-2381989 elementor-widget elementor-widget-gallery\" data-id=\"2381989\" data-element_type=\"widget\" data-e-type=\"widget\" data-settings=\"{&quot;columns&quot;:3,&quot;columns_mobile&quot;:2,&quot;gap&quot;:{&quot;unit&quot;:&quot;px&quot;,&quot;size&quot;:72,&quot;sizes&quot;:[]},&quot;gap_laptop&quot;:{&quot;unit&quot;:&quot;px&quot;,&quot;size&quot;:25,&quot;sizes&quot;:[]},&quot;lazyload&quot;:&quot;yes&quot;,&quot;gallery_layout&quot;:&quot;grid&quot;,&quot;columns_tablet&quot;:2,&quot;gap_tablet&quot;:{&quot;unit&quot;:&quot;px&quot;,&quot;size&quot;:10,&quot;sizes&quot;:[]},&quot;gap_mobile&quot;:{&quot;unit&quot;:&quot;px&quot;,&quot;size&quot;:10,&quot;sizes&quot;:[]},&quot;aspect_ratio&quot;:&quot;3:2&quot;,&quot;content_hover_animation&quot;:&quot;fade-in&quot;}\" data-widget_type=\"gallery.default\">\n\t\t\t\t<div class=\"elementor-widget-container\">\n\t\t\t\t\t\t\t<div class=\"elementor-gallery__container\">\n\t\t\t\t\t\t\t<div class=\"e-gallery-item elementor-gallery-item elementor-animated-content\">\n\t\t\t\t\t<div class=\"e-gallery-image elementor-gallery-item__image\" data-thumbnail=\"https:\/\/summermusicacademybern.ch\/wp-content\/uploads\/2024\/06\/Sponsoren_logos_SMA-03.png\" data-width=\"473\" data-height=\"473\" aria-label=\"\" role=\"img\" ><\/div>\n\t\t\t\t\t\t\t\t\t\t\t\t\t\t<\/div>\n\t\t\t\t\t\t\t<div class=\"e-gallery-item elementor-gallery-item elementor-animated-content\">\n\t\t\t\t\t<div class=\"e-gallery-image elementor-gallery-item__image\" data-thumbnail=\"https:\/\/summermusicacademybern.ch\/wp-content\/uploads\/2024\/06\/Sponsoren_logos_SMA-06.png\" data-width=\"473\" data-height=\"473\" aria-label=\"\" role=\"img\" ><\/div>\n\t\t\t\t\t\t\t\t\t\t\t\t\t\t<\/div>\n\t\t\t\t\t\t\t<div class=\"e-gallery-item elementor-gallery-item elementor-animated-content\">\n\t\t\t\t\t<div class=\"e-gallery-image elementor-gallery-item__image\" data-thumbnail=\"https:\/\/summermusicacademybern.ch\/wp-content\/uploads\/2024\/06\/Sponsoren_logos_SMA-04.png\" data-width=\"473\" data-height=\"473\" aria-label=\"\" role=\"img\" ><\/div>\n\t\t\t\t\t\t\t\t\t\t\t\t\t\t<\/div>\n\t\t\t\t\t\t\t<div class=\"e-gallery-item elementor-gallery-item elementor-animated-content\">\n\t\t\t\t\t<div class=\"e-gallery-image elementor-gallery-item__image\" data-thumbnail=\"https:\/\/summermusicacademybern.ch\/wp-content\/uploads\/2024\/07\/Burgergemeinde_Sponsoren_logos_SMA-08.png\" data-width=\"474\" data-height=\"473\" aria-label=\"\" role=\"img\" ><\/div>\n\t\t\t\t\t\t\t\t\t\t\t\t\t\t<\/div>\n\t\t\t\t\t\t\t<div class=\"e-gallery-item elementor-gallery-item elementor-animated-content\">\n\t\t\t\t\t<div class=\"e-gallery-image elementor-gallery-item__image\" data-thumbnail=\"https:\/\/summermusicacademybern.ch\/wp-content\/uploads\/2024\/07\/ERNST-GOeHNER-STIFTUNG_Sponsoren_logos_SMA-09.png\" data-width=\"237\" data-height=\"237\" aria-label=\"\" role=\"img\" ><\/div>\n\t\t\t\t\t\t\t\t\t\t\t\t\t\t<\/div>\n\t\t\t\t\t\t\t<div class=\"e-gallery-item elementor-gallery-item elementor-animated-content\">\n\t\t\t\t\t<div class=\"e-gallery-image elementor-gallery-item__image\" data-thumbnail=\"https:\/\/summermusicacademybern.ch\/wp-content\/uploads\/2024\/06\/Sponsoren_logos_SMA_01.png\" data-width=\"473\" data-height=\"473\" aria-label=\"\" role=\"img\" ><\/div>\n\t\t\t\t\t\t\t\t\t\t\t\t\t\t<\/div>\n\t\t\t\t\t\t\t<div class=\"e-gallery-item elementor-gallery-item elementor-animated-content\">\n\t\t\t\t\t<div class=\"e-gallery-image elementor-gallery-item__image\" data-thumbnail=\"https:\/\/summermusicacademybern.ch\/wp-content\/uploads\/2024\/07\/RHL-Logo_Sponsoren_logos_SMA-071.png\" data-width=\"474\" data-height=\"473\" aria-label=\"\" role=\"img\" ><\/div>\n\t\t\t\t\t\t\t\t\t\t\t\t\t\t<\/div>\n\t\t\t\t\t\t\t<div class=\"e-gallery-item elementor-gallery-item elementor-animated-content\">\n\t\t\t\t\t<div class=\"e-gallery-image elementor-gallery-item__image\" data-thumbnail=\"https:\/\/summermusicacademybern.ch\/wp-content\/uploads\/2024\/06\/Sponsoren_logos_SMA-02.png\" data-width=\"473\" data-height=\"473\" aria-label=\"\" role=\"img\" ><\/div>\n\t\t\t\t\t\t\t\t\t\t\t\t\t\t<\/div>\n\t\t\t\t\t\t\t<div class=\"e-gallery-item elementor-gallery-item elementor-animated-content\">\n\t\t\t\t\t<div class=\"e-gallery-image elementor-gallery-item__image\" data-thumbnail=\"https:\/\/summermusicacademybern.ch\/wp-content\/uploads\/2024\/06\/Sponsoren_logos_SMA-05.png\" data-width=\"473\" data-height=\"473\" aria-label=\"\" role=\"img\" ><\/div>\n\t\t\t\t\t\t\t\t\t\t\t\t\t\t<\/div>\n\t\t\t\t\t<\/div>\n\t\t\t\t\t<\/div>\n\t\t\t\t<\/div>\n\t\t\t\t<div class=\"elementor-element elementor-element-302a306 elementor-hidden-desktop elementor-hidden-laptop elementor-hidden-tablet elementor-widget elementor-widget-text-editor\" data-id=\"302a306\" data-element_type=\"widget\" data-e-type=\"widget\" data-widget_type=\"text-editor.default\">\n\t\t\t\t<div class=\"elementor-widget-container\">\n\t\t\t\t\t\t\t\t\t<p><span style=\"color: #ffffff;\">.<\/span><\/p>\t\t\t\t\t\t\t\t<\/div>\n\t\t\t\t<\/div>\n\t\t\t\t<div class=\"elementor-element elementor-element-f84c22e gallery-spacing-custom elementor-hidden-desktop elementor-hidden-laptop elementor-hidden-tablet elementor-hidden-mobile elementor-widget elementor-widget-image-gallery\" data-id=\"f84c22e\" data-element_type=\"widget\" data-e-type=\"widget\" data-widget_type=\"image-gallery.default\">\n\t\t\t\t<div class=\"elementor-widget-container\">\n\t\t\t\t\t\t\t<div class=\"elementor-image-gallery\">\n\t\t\t<div id='gallery-1' class='gallery galleryid-88 gallery-columns-3 gallery-size-full'><figure class='gallery-item'>\n\t\t\t<div class='gallery-icon landscape'>\n\t\t\t\t<img fetchpriority=\"high\" decoding=\"async\" width=\"473\" height=\"473\" src=\"https:\/\/summermusicacademybern.ch\/wp-content\/uploads\/2024\/06\/Sponsoren_logos_SMA-03.png\" class=\"attachment-full size-full\" alt=\"\" srcset=\"https:\/\/summermusicacademybern.ch\/wp-content\/uploads\/2024\/06\/Sponsoren_logos_SMA-03.png 473w, https:\/\/summermusicacademybern.ch\/wp-content\/uploads\/2024\/06\/Sponsoren_logos_SMA-03-300x300.png 300w, https:\/\/summermusicacademybern.ch\/wp-content\/uploads\/2024\/06\/Sponsoren_logos_SMA-03-150x150.png 150w, https:\/\/summermusicacademybern.ch\/wp-content\/uploads\/2024\/06\/Sponsoren_logos_SMA-03-12x12.png 12w\" sizes=\"(max-width: 473px) 100vw, 473px\" \/>\n\t\t\t<\/div><\/figure><figure class='gallery-item'>\n\t\t\t<div class='gallery-icon landscape'>\n\t\t\t\t<img decoding=\"async\" width=\"473\" height=\"473\" src=\"https:\/\/summermusicacademybern.ch\/wp-content\/uploads\/2024\/06\/Sponsoren_logos_SMA-06.png\" class=\"attachment-full size-full\" alt=\"\" srcset=\"https:\/\/summermusicacademybern.ch\/wp-content\/uploads\/2024\/06\/Sponsoren_logos_SMA-06.png 473w, https:\/\/summermusicacademybern.ch\/wp-content\/uploads\/2024\/06\/Sponsoren_logos_SMA-06-300x300.png 300w, https:\/\/summermusicacademybern.ch\/wp-content\/uploads\/2024\/06\/Sponsoren_logos_SMA-06-150x150.png 150w, https:\/\/summermusicacademybern.ch\/wp-content\/uploads\/2024\/06\/Sponsoren_logos_SMA-06-12x12.png 12w\" sizes=\"(max-width: 473px) 100vw, 473px\" \/>\n\t\t\t<\/div><\/figure><figure class='gallery-item'>\n\t\t\t<div class='gallery-icon landscape'>\n\t\t\t\t<img decoding=\"async\" width=\"473\" height=\"473\" src=\"https:\/\/summermusicacademybern.ch\/wp-content\/uploads\/2024\/06\/Sponsoren_logos_SMA-04.png\" class=\"attachment-full size-full\" alt=\"\" srcset=\"https:\/\/summermusicacademybern.ch\/wp-content\/uploads\/2024\/06\/Sponsoren_logos_SMA-04.png 473w, https:\/\/summermusicacademybern.ch\/wp-content\/uploads\/2024\/06\/Sponsoren_logos_SMA-04-300x300.png 300w, https:\/\/summermusicacademybern.ch\/wp-content\/uploads\/2024\/06\/Sponsoren_logos_SMA-04-150x150.png 150w, https:\/\/summermusicacademybern.ch\/wp-content\/uploads\/2024\/06\/Sponsoren_logos_SMA-04-12x12.png 12w\" sizes=\"(max-width: 473px) 100vw, 473px\" \/>\n\t\t\t<\/div><\/figure><figure class='gallery-item'>\n\t\t\t<div class='gallery-icon landscape'>\n\t\t\t\t<img loading=\"lazy\" decoding=\"async\" width=\"473\" height=\"473\" src=\"https:\/\/summermusicacademybern.ch\/wp-content\/uploads\/2024\/06\/Sponsoren_logos_SMA_01.png\" class=\"attachment-full size-full\" alt=\"\" srcset=\"https:\/\/summermusicacademybern.ch\/wp-content\/uploads\/2024\/06\/Sponsoren_logos_SMA_01.png 473w, https:\/\/summermusicacademybern.ch\/wp-content\/uploads\/2024\/06\/Sponsoren_logos_SMA_01-300x300.png 300w, https:\/\/summermusicacademybern.ch\/wp-content\/uploads\/2024\/06\/Sponsoren_logos_SMA_01-150x150.png 150w, https:\/\/summermusicacademybern.ch\/wp-content\/uploads\/2024\/06\/Sponsoren_logos_SMA_01-12x12.png 12w\" sizes=\"(max-width: 473px) 100vw, 473px\" \/>\n\t\t\t<\/div><\/figure><figure class='gallery-item'>\n\t\t\t<div class='gallery-icon landscape'>\n\t\t\t\t<img loading=\"lazy\" decoding=\"async\" width=\"474\" height=\"473\" src=\"https:\/\/summermusicacademybern.ch\/wp-content\/uploads\/2024\/07\/RHL-Logo_Sponsoren_logos_SMA-071.png\" class=\"attachment-full size-full\" alt=\"\" srcset=\"https:\/\/summermusicacademybern.ch\/wp-content\/uploads\/2024\/07\/RHL-Logo_Sponsoren_logos_SMA-071.png 474w, https:\/\/summermusicacademybern.ch\/wp-content\/uploads\/2024\/07\/RHL-Logo_Sponsoren_logos_SMA-071-300x300.png 300w, https:\/\/summermusicacademybern.ch\/wp-content\/uploads\/2024\/07\/RHL-Logo_Sponsoren_logos_SMA-071-150x150.png 150w, https:\/\/summermusicacademybern.ch\/wp-content\/uploads\/2024\/07\/RHL-Logo_Sponsoren_logos_SMA-071-12x12.png 12w\" sizes=\"(max-width: 474px) 100vw, 474px\" \/>\n\t\t\t<\/div><\/figure><figure class='gallery-item'>\n\t\t\t<div class='gallery-icon landscape'>\n\t\t\t\t<img loading=\"lazy\" decoding=\"async\" width=\"473\" height=\"473\" src=\"https:\/\/summermusicacademybern.ch\/wp-content\/uploads\/2024\/06\/Sponsoren_logos_SMA-02.png\" class=\"attachment-full size-full\" alt=\"\" srcset=\"https:\/\/summermusicacademybern.ch\/wp-content\/uploads\/2024\/06\/Sponsoren_logos_SMA-02.png 473w, https:\/\/summermusicacademybern.ch\/wp-content\/uploads\/2024\/06\/Sponsoren_logos_SMA-02-300x300.png 300w, https:\/\/summermusicacademybern.ch\/wp-content\/uploads\/2024\/06\/Sponsoren_logos_SMA-02-150x150.png 150w, https:\/\/summermusicacademybern.ch\/wp-content\/uploads\/2024\/06\/Sponsoren_logos_SMA-02-12x12.png 12w\" sizes=\"(max-width: 473px) 100vw, 473px\" \/>\n\t\t\t<\/div><\/figure><figure class='gallery-item'>\n\t\t\t<div class='gallery-icon landscape'>\n\t\t\t\t<img loading=\"lazy\" decoding=\"async\" width=\"473\" height=\"473\" src=\"https:\/\/summermusicacademybern.ch\/wp-content\/uploads\/2024\/06\/Sponsoren_logos_SMA-05.png\" class=\"attachment-full size-full\" alt=\"\" srcset=\"https:\/\/summermusicacademybern.ch\/wp-content\/uploads\/2024\/06\/Sponsoren_logos_SMA-05.png 473w, https:\/\/summermusicacademybern.ch\/wp-content\/uploads\/2024\/06\/Sponsoren_logos_SMA-05-300x300.png 300w, https:\/\/summermusicacademybern.ch\/wp-content\/uploads\/2024\/06\/Sponsoren_logos_SMA-05-150x150.png 150w, https:\/\/summermusicacademybern.ch\/wp-content\/uploads\/2024\/06\/Sponsoren_logos_SMA-05-12x12.png 12w\" sizes=\"(max-width: 473px) 100vw, 473px\" \/>\n\t\t\t<\/div><\/figure>\n\t\t<\/div>\n\t\t<\/div>\n\t\t\t\t\t\t<\/div>\n\t\t\t\t<\/div>\n\t\t\t\t<\/div>\n\t\t<div id=\"e-n-tab-content-1270440782\" role=\"tabpanel\" aria-labelledby=\"e-n-tab-title-1270440782\" data-tab-index=\"2\" style=\"--n-tabs-title-order: 2;\" class=\"elementor-element elementor-element-eeaa54e e-con-full e-flex e-con e-child\" data-id=\"eeaa54e\" data-element_type=\"container\" data-e-type=\"container\">\n\t\t\t\t<div class=\"elementor-element elementor-element-d8972e2 elementor-widget elementor-widget-text-editor\" data-id=\"d8972e2\" data-element_type=\"widget\" data-e-type=\"widget\" data-widget_type=\"text-editor.default\">\n\t\t\t\t<div class=\"elementor-widget-container\">\n\t\t\t\t\t\t\t\t\t<p><strong>Become a benefactor<\/strong><\/p><p>As a benefactor of the Summer Music Academy Bern, you support the promotion of talented musicians and enable us to offer high-quality public concert series.<\/p><p>If you would like to support us, please send an e-mail with your full name, postal address and the amount you would like to donate to:<br \/><a href=\"mailto:office@summermusicacademybern.ch\">office@summermusicacademybern.ch<\/a>.<\/p><p>Please also let us know if you would like to be named as a benefactor on our website and if you would like to subscribe to our newsletter. We will send you a payment slip or you can make a direct transfer to our account.<\/p><p>We thank you for your valuable support and look forward to inviting you to a benefactors' aperitif! (date tbc)<\/p><p><strong><br \/>Benefactor Categories<\/strong><\/p><p>Single person CHF 100.-<br \/>Couple CHF 150.-<\/p><p>Institutions: <br \/>CHF 500.- or a contribution of your choice.<\/p><p><strong><br \/>Account details:<br \/><\/strong><strong>CH20 0637 4730 0687 1368 7<br \/><\/strong>Association Summer Music Academy Bern<br \/>3000 Bern \/ Switzerland<\/p>\t\t\t\t\t\t\t\t<\/div>\n\t\t\t\t<\/div>\n\t\t\t\t<div class=\"elementor-element elementor-element-5d98f93 elementor-hidden-desktop elementor-hidden-laptop elementor-hidden-tablet elementor-hidden-mobile elementor-widget elementor-widget-button\" data-id=\"5d98f93\" data-element_type=\"widget\" data-e-type=\"widget\" data-widget_type=\"button.default\">\n\t\t\t\t<div class=\"elementor-widget-container\">\n\t\t\t\t\t\t\t\t\t<div class=\"elementor-button-wrapper\">\n\t\t\t\t\t<a class=\"elementor-button elementor-button-link elementor-size-sm\" href=\"https:\/\/summermusicacademybern.ch\/en\/goennerinnen\/\">\n\t\t\t\t\t\t<span class=\"elementor-button-content-wrapper\">\n\t\t\t\t\t\t\t\t\t<span class=\"elementor-button-text\">Alle G\u00f6nner:innen<\/span>\n\t\t\t\t\t<\/span>\n\t\t\t\t\t<\/a>\n\t\t\t\t<\/div>\n\t\t\t\t\t\t\t\t<\/div>\n\t\t\t\t<\/div>\n\t\t\t\t<\/div>\n\t\t\t\t\t<\/div>\n\t\t<\/div>\n\t\t\t\t\t\t<\/div>\n\t\t\t\t<\/div>\n\t\t\t\t\t<\/div>\n\t\t\t\t<\/div>\n\t\t<div class=\"elementor-element elementor-element-9b4ea2b e-flex e-con-boxed e-con e-parent\" data-id=\"9b4ea2b\" data-element_type=\"container\" data-e-type=\"container\">\n\t\t\t\t\t<div class=\"e-con-inner\">\n\t\t\t\t\t<\/div>\n\t\t\t\t<\/div>\n\t\t\t\t<\/div>","protected":false},"excerpt":{"rendered":"<p>F\u00f6rdernde G\u00f6nner:innen . Werden Sie G\u00f6nner:in Als G\u00f6nner:in der Summer Music Academy Bern unterst\u00fctzen Sie die F\u00f6rderung von talentierten Musikerinnen und Musikern und erm\u00f6glichen es uns, hochwertige, \u00f6ffentliche Konzertreihen anzubieten. Wenn Sie uns als G\u00f6nner:in unterst\u00fctzen m\u00f6chten, senden Sie bitte eine E-Mail mit Ihrem vollst\u00e4ndigen Namen, Ihrer Postadresse und mit Angabe des Betrags, den Sie [&hellip;]<\/p>\n","protected":false},"author":1,"featured_media":0,"parent":0,"menu_order":0,"comment_status":"closed","ping_status":"closed","template":"","meta":{"_acf_changed":false,"footnotes":""},"class_list":["post-88","page","type-page","status-publish","hentry"],"acf":[],"_links":{"self":[{"href":"https:\/\/summermusicacademybern.ch\/en\/wp-json\/wp\/v2\/pages\/88","targetHints":{"allow":["GET"]}}],"collection":[{"href":"https:\/\/summermusicacademybern.ch\/en\/wp-json\/wp\/v2\/pages"}],"about":[{"href":"https:\/\/summermusicacademybern.ch\/en\/wp-json\/wp\/v2\/types\/page"}],"author":[{"embeddable":true,"href":"https:\/\/summermusicacademybern.ch\/en\/wp-json\/wp\/v2\/users\/1"}],"replies":[{"embeddable":true,"href":"https:\/\/summermusicacademybern.ch\/en\/wp-json\/wp\/v2\/comments?post=88"}],"version-history":[{"count":268,"href":"https:\/\/summermusicacademybern.ch\/en\/wp-json\/wp\/v2\/pages\/88\/revisions"}],"predecessor-version":[{"id":2722,"href":"https:\/\/summermusicacademybern.ch\/en\/wp-json\/wp\/v2\/pages\/88\/revisions\/2722"}],"wp:attachment":[{"href":"https:\/\/summermusicacademybern.ch\/en\/wp-json\/wp\/v2\/media?parent=88"}],"curies":[{"name":"wp","href":"https:\/\/api.w.org\/{rel}","templated":true}]}}